{"id":81,"date":"2021-04-16T09:47:21","date_gmt":"2021-04-16T07:47:21","guid":{"rendered":"http:\/\/museum-zeittraeume.de\/wp\/?page_id=81"},"modified":"2023-04-02T11:10:51","modified_gmt":"2023-04-02T09:10:51","slug":"ausstellung","status":"publish","type":"page","link":"https:\/\/museum-zeittraeume.de\/wp\/ausstellung\/","title":{"rendered":"Ausstellung"},"content":{"rendered":"\n<h2 class=\"wp-block-heading\" id=\"h-ausstellungen-im-museum-zeit-t-raume-dem-museum-fur-uhren-und-mehr\">Ausstellungen im Museum Zeit(T)r\u00e4ume, dem Museum f\u00fcr Uhren und Mehr<\/h2>\n\n\n\n<h3 class=\"wp-block-heading\" id=\"h-was-erwartet-sie-in-unserem-museum\">Was erwartet Sie in unserem Museum?<\/h3>\n\n\n\n<p>Wie der Name sagt &#8211; es werden Uhren und \u201eMehr\u201c in unserer Ausstellung pr\u00e4sentiert.<\/p>\n\n\n\n<h3 class=\"wp-block-heading\" id=\"h-grosse-uhren\">Gro\u00dfe Uhren:<\/h3>\n\n\n\n<p>Alleinstellungsmerkmal sind die liebevoll und aufw\u00e4ndig restaurierten Werke von <strong>42 Gro\u00dfuhren<\/strong> wie zum Beispiel Kirchturmuhren, Uhren von Verwaltungsgeb\u00e4uden und T\u00fcrmen. Bis auf 2 Werke sind alle funktionst\u00fcchtig und k\u00f6nnen in Betrieb gesehen und geh\u00f6rt werden.<\/p>\n\n\n\n<p>Sie stammen aus unserem Neckar-Odenwald-Kreis und weit dar\u00fcber hinaus. Das \u00e4lteste, handgeschmiedete Uhrwerk stammt <strong>aus dem 17. Jahrhundert<\/strong>. Das modernste Objekt, allerdings keine Gro\u00df Uhr, ist eine elektronische Uhr welche von der Physikalisch Technischen Bundesanstalt Braunschweig mit einem Zeitsignal gesteuert wird.<\/p>\n\n\n\n<p>Im Hof des Museums kann der <strong>Betrieb einer Gro\u00df Uhr durch ein Plexiglasgeh\u00e4use<\/strong> bewundert werden.<\/p>\n\n\n\n<h3 class=\"wp-block-heading\" id=\"h-das-mehr\">Das mehr:<\/h3>\n\n\n\n<p>Es umfasst Bereiche, die im Zusammenhang mit <strong>mechanisch erzeugtem Schall<\/strong> stehen, wie beispielsweise Grammophone, Plattenspieler, Edison Phonographen, Walzenspieldosen, Plattenspieldosen, ein pneumatisch gesteuertes Klavier, eine Drehorgel.<\/p>\n\n\n\n<p><strong>Elektrisch erzeugter Schall <\/strong>\u2013 ebenfalls Musik und Sprache &#8211; wird in einer umfangreichen Sammlung von Rundfunkger\u00e4ten pr\u00e4sentiert \u2013 angefangen beim Ortsempf\u00e4nger OE333 von L\u00f6we aus dem Jahr 1926 \u00fcber den Volksempf\u00e4nger bis zum Klassiker der Walld\u00fcrner Firma Braun, dem \u201eSchneewittchen Sarg\u201c.<\/p>\n\n\n\n<p><strong>Spielzeug fr\u00fcherer Zeiten<\/strong> zeigt, womit sich Kinder \u00fcberwiegend gut situierter Eltern auf zum Teil Kreativit\u00e4t f\u00f6rdernde Weise die Zeit vertrieben. Das sind Anker Steinbauk\u00e4sten, deren Formsteine aus Quarzsand, Kalk und Lein\u00f6l \u201egebacken\u201c wurden. Es sind Vorl\u00e4ufer der Klemmbausteine (LEGO) mit dem Unterschied, dass diese nur durch ihr Eigengewicht an- und aufeinander gehalten werden. Es gibt speziell f\u00fcr Kinder gebaute Grammophone, sowie Objekte, welche mit Hilfe von Metallbauk\u00e4sten konstruiert wurden.<\/p>\n\n\n\n<p>Eine <strong>umfangreiche <\/strong>Sammlung von Kramer-Puppen, auch \u201eK\u00e4the-Kruse-Puppen des Ostens\u201c genannt runden die Abteilung Kinderspielzeug ab.<\/p>\n\n\n\n<h2 class=\"wp-block-heading\" id=\"h-die-radioausstellung\">Die Radioausstellung:<\/h2>\n\n\n\n<p>Die Radioausstellung im Museum zeigt die Entwicklungsgeschichte der Rundfunkempfangsger\u00e4te in Deutschland und dar\u00fcber hinaus von Ihren Anf\u00e4ngen in den 1920er Jahren bis in die sp\u00e4ten 1970er Jahre. In chronologischer Folge wird anhand von rund 50 ausgew\u00e4hlten Radioger\u00e4ten verschiedenster Hersteller und unterschiedlichster Bauart sowie zahlreicher weiterer themenverwandter Exponate ein ebenso sehenswerter wie&nbsp; repr\u00e4sentativer \u00dcberblick \u00fcber die damals existierende Vielfalt geboten. Einige der Ger\u00e4te sind spielbereit und k\u00f6nnen w\u00e4hrend der F\u00fchrung in Betrieb genommen werden.<br><br>Die mit viel Liebe zum Detail gestaltete Ausstellung basiert auf einer vom Armorbacher Radiomechanikermeister Hanns Heike Munckel \u00fcber Jahrzehnte fachkundig zusammengetragenen Sammlung erg\u00e4nzt um verschiedene weitere Ger\u00e4te aus dem Portfolio der in Walld\u00fcrn ans\u00e4ssigen und f\u00fcr ihr charakteristisches Ger\u00e4tedesign bekannten Firma BRAUN.<br>Au\u00dferdem beinhaltet die Ausstellung einen originalen Arbeitsplatz f\u00fcr&nbsp;&nbsp; Radioreparaturen aus der fr\u00fchen Nachkriegszeit mit diversem Zubeh\u00f6r.<br><br>Zu beinahe allen Ausstellungsst\u00fccken konnten Informationen recherchiert und&nbsp; beigef\u00fcgt werden, die sowohl dem Laien als auch dem Fachmann gerecht werden wollen. Sie werden sowohl dem Laien als auch dem Fachmann gerecht.<\/p>\n\n\n\n<p>Sie haben Fragen zu unserer Ausstellung? <a href=\"https:\/\/museum-zeittraeume.de\/wp\/kontakt\/\">Wir sind Ihnen gerne behilflich!<\/a><\/p>\n\n\n\n<p>-> Hier gelangen Sie \u00fcbrigens zu unserem neuen <a href=\"https:\/\/museum-zeittraeume.de\/wp-content\/uploads\/2023\/03\/Flyer_Museum_2023_02_15.pdf\" target=\"_blank\" rel=\"noreferrer noopener\">Flyer<\/a> (PDF-Dokument).<\/p>\n","protected":false},"excerpt":{"rendered":"<p>Ausstellungen im Museum Zeit(T)r\u00e4ume, dem Museum f\u00fcr Uhren und Mehr Was erwartet Sie in unserem Museum? Wie der Name sagt &hellip; <\/p>\n","protected":false},"author":1,"featured_media":426,"parent":0,"menu_order":0,"comment_status":"closed","ping_status":"closed","template":"","meta":{"footnotes":""},"class_list":["post-81","page","type-page","status-publish","has-post-thumbnail","hentry","latest_post"],"yoast_head":"<!-- This site is optimized with the Yoast SEO Premium plugin v19.2.1 (Yoast SEO v27.5) - https:\/\/yoast.com\/product\/yoast-seo-premium-wordpress\/ -->\n<title>Ausstellung &#8226; Museum Z\u2219e\u2219i\u2219t(T)r\u2219\u00e4\u2219u\u2219m\u2219e<\/title>\n<meta name=\"description\" content=\"Museum Z\u2219e\u2219i\u2219t(T)r\u2219\u00e4\u2219u\u2219m\u2219e Ausstellung Ausstellung Exponate Museum Turmuhren Gro\u00dfuhren Rathausuhren Standuhren Kirchenuhren Anschauen\" \/>\n<meta name=\"robots\" content=\"index, follow, max-snippet:-1, max-image-preview:large, max-video-preview:-1\" \/>\n<link rel=\"canonical\" href=\"https:\/\/museum-zeittraeume.de\/wp\/ausstellung\/\" \/>\n<meta property=\"og:locale\" content=\"de_DE\" \/>\n<meta property=\"og:type\" content=\"article\" \/>\n<meta property=\"og:title\" content=\"Ausstellung\" \/>\n<meta property=\"og:description\" content=\"Museum Z\u2219e\u2219i\u2219t(T)r\u2219\u00e4\u2219u\u2219m\u2219e Ausstellung Ausstellung Exponate Museum Turmuhren Gro\u00dfuhren Rathausuhren Standuhren Kirchenuhren Anschauen\" \/>\n<meta property=\"og:url\" content=\"https:\/\/museum-zeittraeume.de\/wp\/ausstellung\/\" \/>\n<meta property=\"og:site_name\" content=\"Museum Z\u2219e\u2219i\u2219t(T)r\u2219\u00e4\u2219u\u2219m\u2219e\" \/>\n<meta property=\"article:publisher\" content=\"https:\/\/www.facebook.com\/zeittraeume\" \/>\n<meta property=\"article:modified_time\" content=\"2023-04-02T09:10:51+00:00\" \/>\n<meta property=\"og:image\" content=\"https:\/\/museum-zeittraeume.de\/wp-content\/uploads\/2021\/08\/Impressionen_7.jpg\" \/>\n\t<meta property=\"og:image:width\" content=\"1200\" \/>\n\t<meta property=\"og:image:height\" content=\"800\" \/>\n\t<meta property=\"og:image:type\" content=\"image\/jpeg\" \/>\n<meta name=\"twitter:card\" content=\"summary_large_image\" \/>\n<meta name=\"twitter:label1\" content=\"Gesch\u00e4tzte Lesezeit\" \/>\n\t<meta name=\"twitter:data1\" content=\"3\u00a0Minuten\" \/>\n<script type=\"application\/ld+json\" class=\"yoast-schema-graph\">{\"@context\":\"https:\\\/\\\/schema.org\",\"@graph\":[{\"@type\":\"WebPage\",\"@id\":\"https:\\\/\\\/museum-zeittraeume.de\\\/wp\\\/ausstellung\\\/\",\"url\":\"https:\\\/\\\/museum-zeittraeume.de\\\/wp\\\/ausstellung\\\/\",\"name\":\"Ausstellung &#8226; Museum Z\u2219e\u2219i\u2219t(T)r\u2219\u00e4\u2219u\u2219m\u2219e\",\"isPartOf\":{\"@id\":\"https:\\\/\\\/museum-zeittraeume.de\\\/wp\\\/#website\"},\"primaryImageOfPage\":{\"@id\":\"https:\\\/\\\/museum-zeittraeume.de\\\/wp\\\/ausstellung\\\/#primaryimage\"},\"image\":{\"@id\":\"https:\\\/\\\/museum-zeittraeume.de\\\/wp\\\/ausstellung\\\/#primaryimage\"},\"thumbnailUrl\":\"https:\\\/\\\/museum-zeittraeume.de\\\/wp-content\\\/uploads\\\/2021\\\/08\\\/Impressionen_7.jpg\",\"datePublished\":\"2021-04-16T07:47:21+00:00\",\"dateModified\":\"2023-04-02T09:10:51+00:00\",\"description\":\"Museum Z\u2219e\u2219i\u2219t(T)r\u2219\u00e4\u2219u\u2219m\u2219e Ausstellung Ausstellung Exponate Museum Turmuhren Gro\u00dfuhren Rathausuhren Standuhren Kirchenuhren Anschauen\",\"breadcrumb\":{\"@id\":\"https:\\\/\\\/museum-zeittraeume.de\\\/wp\\\/ausstellung\\\/#breadcrumb\"},\"inLanguage\":\"de\",\"potentialAction\":[{\"@type\":\"ReadAction\",\"target\":[\"https:\\\/\\\/museum-zeittraeume.de\\\/wp\\\/ausstellung\\\/\"]}]},{\"@type\":\"ImageObject\",\"inLanguage\":\"de\",\"@id\":\"https:\\\/\\\/museum-zeittraeume.de\\\/wp\\\/ausstellung\\\/#primaryimage\",\"url\":\"https:\\\/\\\/museum-zeittraeume.de\\\/wp-content\\\/uploads\\\/2021\\\/08\\\/Impressionen_7.jpg\",\"contentUrl\":\"https:\\\/\\\/museum-zeittraeume.de\\\/wp-content\\\/uploads\\\/2021\\\/08\\\/Impressionen_7.jpg\",\"width\":1200,\"height\":800,\"caption\":\"Spielzeug\"},{\"@type\":\"BreadcrumbList\",\"@id\":\"https:\\\/\\\/museum-zeittraeume.de\\\/wp\\\/ausstellung\\\/#breadcrumb\",\"itemListElement\":[{\"@type\":\"ListItem\",\"position\":1,\"name\":\"Startseite\",\"item\":\"https:\\\/\\\/museum-zeittraeume.de\\\/wp\\\/\"},{\"@type\":\"ListItem\",\"position\":2,\"name\":\"Ausstellung\"}]},{\"@type\":\"WebSite\",\"@id\":\"https:\\\/\\\/museum-zeittraeume.de\\\/wp\\\/#website\",\"url\":\"https:\\\/\\\/museum-zeittraeume.de\\\/wp\\\/\",\"name\":\"Museum Z\u2219e\u2219i\u2219t(T)r\u2219\u00e4\u2219u\u2219m\u2219e\",\"description\":\"Museum f\u00fcr Uhren und mehr\",\"publisher\":{\"@id\":\"https:\\\/\\\/museum-zeittraeume.de\\\/wp\\\/#organization\"},\"potentialAction\":[{\"@type\":\"SearchAction\",\"target\":{\"@type\":\"EntryPoint\",\"urlTemplate\":\"https:\\\/\\\/museum-zeittraeume.de\\\/wp\\\/?s={search_term_string}\"},\"query-input\":{\"@type\":\"PropertyValueSpecification\",\"valueRequired\":true,\"valueName\":\"search_term_string\"}}],\"inLanguage\":\"de\"},{\"@type\":\"Organization\",\"@id\":\"https:\\\/\\\/museum-zeittraeume.de\\\/wp\\\/#organization\",\"name\":\"Museum Zeit(T)r\u00e4ume\",\"url\":\"https:\\\/\\\/museum-zeittraeume.de\\\/wp\\\/\",\"logo\":{\"@type\":\"ImageObject\",\"inLanguage\":\"de\",\"@id\":\"https:\\\/\\\/museum-zeittraeume.de\\\/wp\\\/#\\\/schema\\\/logo\\\/image\\\/\",\"url\":\"https:\\\/\\\/museum-zeittraeume.de\\\/wp-content\\\/uploads\\\/2021\\\/08\\\/mzt_logo_komplett.png\",\"contentUrl\":\"https:\\\/\\\/museum-zeittraeume.de\\\/wp-content\\\/uploads\\\/2021\\\/08\\\/mzt_logo_komplett.png\",\"width\":1200,\"height\":249,\"caption\":\"Museum Zeit(T)r\u00e4ume\"},\"image\":{\"@id\":\"https:\\\/\\\/museum-zeittraeume.de\\\/wp\\\/#\\\/schema\\\/logo\\\/image\\\/\"},\"sameAs\":[\"https:\\\/\\\/www.facebook.com\\\/zeittraeume\",\"https:\\\/\\\/www.instagram.com\\\/museumzeittraeume\\\/\"]}]}<\/script>\n<!-- \/ Yoast SEO Premium plugin. -->","yoast_head_json":{"title":"Ausstellung &#8226; Museum Z\u2219e\u2219i\u2219t(T)r\u2219\u00e4\u2219u\u2219m\u2219e","description":"Museum Z\u2219e\u2219i\u2219t(T)r\u2219\u00e4\u2219u\u2219m\u2219e Ausstellung Ausstellung Exponate Museum Turmuhren Gro\u00dfuhren Rathausuhren Standuhren Kirchenuhren Anschauen","robots":{"index":"index","follow":"follow","max-snippet":"max-snippet:-1","max-image-preview":"max-image-preview:large","max-video-preview":"max-video-preview:-1"},"canonical":"https:\/\/museum-zeittraeume.de\/wp\/ausstellung\/","og_locale":"de_DE","og_type":"article","og_title":"Ausstellung","og_description":"Museum Z\u2219e\u2219i\u2219t(T)r\u2219\u00e4\u2219u\u2219m\u2219e Ausstellung Ausstellung Exponate Museum Turmuhren Gro\u00dfuhren Rathausuhren Standuhren Kirchenuhren Anschauen","og_url":"https:\/\/museum-zeittraeume.de\/wp\/ausstellung\/","og_site_name":"Museum Z\u2219e\u2219i\u2219t(T)r\u2219\u00e4\u2219u\u2219m\u2219e","article_publisher":"https:\/\/www.facebook.com\/zeittraeume","article_modified_time":"2023-04-02T09:10:51+00:00","og_image":[{"width":1200,"height":800,"url":"https:\/\/museum-zeittraeume.de\/wp-content\/uploads\/2021\/08\/Impressionen_7.jpg","type":"image\/jpeg"}],"twitter_card":"summary_large_image","twitter_misc":{"Gesch\u00e4tzte Lesezeit":"3\u00a0Minuten"},"schema":{"@context":"https:\/\/schema.org","@graph":[{"@type":"WebPage","@id":"https:\/\/museum-zeittraeume.de\/wp\/ausstellung\/","url":"https:\/\/museum-zeittraeume.de\/wp\/ausstellung\/","name":"Ausstellung &#8226; Museum Z\u2219e\u2219i\u2219t(T)r\u2219\u00e4\u2219u\u2219m\u2219e","isPartOf":{"@id":"https:\/\/museum-zeittraeume.de\/wp\/#website"},"primaryImageOfPage":{"@id":"https:\/\/museum-zeittraeume.de\/wp\/ausstellung\/#primaryimage"},"image":{"@id":"https:\/\/museum-zeittraeume.de\/wp\/ausstellung\/#primaryimage"},"thumbnailUrl":"https:\/\/museum-zeittraeume.de\/wp-content\/uploads\/2021\/08\/Impressionen_7.jpg","datePublished":"2021-04-16T07:47:21+00:00","dateModified":"2023-04-02T09:10:51+00:00","description":"Museum Z\u2219e\u2219i\u2219t(T)r\u2219\u00e4\u2219u\u2219m\u2219e Ausstellung Ausstellung Exponate Museum Turmuhren Gro\u00dfuhren Rathausuhren Standuhren Kirchenuhren Anschauen","breadcrumb":{"@id":"https:\/\/museum-zeittraeume.de\/wp\/ausstellung\/#breadcrumb"},"inLanguage":"de","potentialAction":[{"@type":"ReadAction","target":["https:\/\/museum-zeittraeume.de\/wp\/ausstellung\/"]}]},{"@type":"ImageObject","inLanguage":"de","@id":"https:\/\/museum-zeittraeume.de\/wp\/ausstellung\/#primaryimage","url":"https:\/\/museum-zeittraeume.de\/wp-content\/uploads\/2021\/08\/Impressionen_7.jpg","contentUrl":"https:\/\/museum-zeittraeume.de\/wp-content\/uploads\/2021\/08\/Impressionen_7.jpg","width":1200,"height":800,"caption":"Spielzeug"},{"@type":"BreadcrumbList","@id":"https:\/\/museum-zeittraeume.de\/wp\/ausstellung\/#breadcrumb","itemListElement":[{"@type":"ListItem","position":1,"name":"Startseite","item":"https:\/\/museum-zeittraeume.de\/wp\/"},{"@type":"ListItem","position":2,"name":"Ausstellung"}]},{"@type":"WebSite","@id":"https:\/\/museum-zeittraeume.de\/wp\/#website","url":"https:\/\/museum-zeittraeume.de\/wp\/","name":"Museum Z\u2219e\u2219i\u2219t(T)r\u2219\u00e4\u2219u\u2219m\u2219e","description":"Museum f\u00fcr Uhren und mehr","publisher":{"@id":"https:\/\/museum-zeittraeume.de\/wp\/#organization"},"potentialAction":[{"@type":"SearchAction","target":{"@type":"EntryPoint","urlTemplate":"https:\/\/museum-zeittraeume.de\/wp\/?s={search_term_string}"},"query-input":{"@type":"PropertyValueSpecification","valueRequired":true,"valueName":"search_term_string"}}],"inLanguage":"de"},{"@type":"Organization","@id":"https:\/\/museum-zeittraeume.de\/wp\/#organization","name":"Museum Zeit(T)r\u00e4ume","url":"https:\/\/museum-zeittraeume.de\/wp\/","logo":{"@type":"ImageObject","inLanguage":"de","@id":"https:\/\/museum-zeittraeume.de\/wp\/#\/schema\/logo\/image\/","url":"https:\/\/museum-zeittraeume.de\/wp-content\/uploads\/2021\/08\/mzt_logo_komplett.png","contentUrl":"https:\/\/museum-zeittraeume.de\/wp-content\/uploads\/2021\/08\/mzt_logo_komplett.png","width":1200,"height":249,"caption":"Museum Zeit(T)r\u00e4ume"},"image":{"@id":"https:\/\/museum-zeittraeume.de\/wp\/#\/schema\/logo\/image\/"},"sameAs":["https:\/\/www.facebook.com\/zeittraeume","https:\/\/www.instagram.com\/museumzeittraeume\/"]}]}},"_links":{"self":[{"href":"https:\/\/museum-zeittraeume.de\/wp\/wp-json\/wp\/v2\/pages\/81","targetHints":{"allow":["GET"]}}],"collection":[{"href":"https:\/\/museum-zeittraeume.de\/wp\/wp-json\/wp\/v2\/pages"}],"about":[{"href":"https:\/\/museum-zeittraeume.de\/wp\/wp-json\/wp\/v2\/types\/page"}],"author":[{"embeddable":true,"href":"https:\/\/museum-zeittraeume.de\/wp\/wp-json\/wp\/v2\/users\/1"}],"replies":[{"embeddable":true,"href":"https:\/\/museum-zeittraeume.de\/wp\/wp-json\/wp\/v2\/comments?post=81"}],"version-history":[{"count":6,"href":"https:\/\/museum-zeittraeume.de\/wp\/wp-json\/wp\/v2\/pages\/81\/revisions"}],"predecessor-version":[{"id":1528,"href":"https:\/\/museum-zeittraeume.de\/wp\/wp-json\/wp\/v2\/pages\/81\/revisions\/1528"}],"wp:featuredmedia":[{"embeddable":true,"href":"https:\/\/museum-zeittraeume.de\/wp\/wp-json\/wp\/v2\/media\/426"}],"wp:attachment":[{"href":"https:\/\/museum-zeittraeume.de\/wp\/wp-json\/wp\/v2\/media?parent=81"}],"curies":[{"name":"wp","href":"https:\/\/api.w.org\/{rel}","templated":true}]}}