{"id":87,"date":"2021-04-16T09:48:26","date_gmt":"2021-04-16T07:48:26","guid":{"rendered":"http:\/\/museum-zeittraeume.de\/wp\/?page_id=87"},"modified":"2021-12-29T15:31:03","modified_gmt":"2021-12-29T14:31:03","slug":"raeumlichkeiten","status":"publish","type":"page","link":"https:\/\/museum-zeittraeume.de\/wp\/raeumlichkeiten\/","title":{"rendered":"R\u00e4umlichkeiten"},"content":{"rendered":"\n<h2 class=\"wp-block-heading\" id=\"h-die-kaiser-scheune\">Die &#8222;Kaiser-Scheune&#8220;<\/h2>\n\n\n\n<p>Der erste Museumsraum &#8211; quasi die Basis des Museums &#8211; entstand bereits im Jahr 2008. Dieser befindet sich im linken Teil der &#8222;Kaiser-Scheune&#8220; und umfasst ca. 85 m\u00b2 Ausstellungsfl\u00e4che f\u00fcr Phonographen, Grammophone, Anker Steinbauk\u00e4sten, der&nbsp;Puppensammlung und bereits mit einer Turmuhr.<\/p>\n\n\n\n<p>Durch die kontinuierliche Erweiterung der Turmuhrensammlung war schon bald die erste Erweiterung des urspr\u00fcnglichen Museumsraumes notwendig. Die zunehmende Anzahl von Veranstaltungen im Museumsareal macht es erforderlich, eine eigene K\u00fcchenbereich im Museum einzurichten.<\/p>\n\n\n\n<h2 class=\"wp-block-heading\" id=\"h-veranstaltungsflache-mit-urigem-ambiente\">Veranstaltungsfl\u00e4che mit urigem Ambiente<\/h2>\n\n\n\n<p>Im Laufe der Zeit etablierte sich die Museumsscheune als beliebter Veranstaltungsraum im Walld\u00fcrner Kunst- und Kulturbereich. Diesbez\u00fcglich wurden die neue Sanit\u00e4ranlagen im Objekt errichtet. So wuchs das Museum auf eine Gr\u00f6\u00dfe von ca. 275 m\u00b2 an.<\/p>\n\n\n\n<h2 class=\"wp-block-heading\" id=\"h-zuwachs-mit-der-maier-scheune\">Zuwachs mit der &#8222;Maier-Scheune&#8220;<\/h2>\n\n\n\n<p>Das gro\u00dfe Interesse aus Nah und Fern am Museum, so wie aber auch die M\u00f6glichkeit weitere Exponate aufzunehmen, brachte eine erneute Erweiterung mit sich. Gl\u00fccklicherweise war es dem Museumsteam m\u00f6glich, die unmittelbar angrenzende &#8222;Maier-Scheune&#8220; zu erwerben. In zahlreichen Arbeitsstunden wurde diese an den Bestand angebunden und so weitere Raumkapazit\u00e4ten sichergestellt. Aufwendig gestaltete sich dabei die technische Umsetzung der Anforderungen an den Brandschutz sowie die \u00dcberbr\u00fcckung des H\u00f6henunterschieds der beiden Hauptgeb\u00e4ude. Die Museums-, Lager- und Werkstattfl\u00e4che konnte so jedoch auf nahezu 400 m\u00b2 erweitert werden.<\/p>\n\n\n\n<p>Im Jahr 2017\/2018 fand der Umzug der inzwischen stark angewachsenen Turmuhrensammlung in die neuen R\u00e4umlichkeiten in die &#8222;Maier-Scheune&#8220; statt. Aufgrund der \u00fcberdurchschnittlich hohen Raumh\u00f6he ist es dort m\u00f6glich, den Besuchern die Funktionen der Turmuhren mit Pendel darzustellen. So ist es f\u00fcr die Besucher leichter m\u00f6glich die umfassende Mechanik der Uhren zu verstehen.<\/p>\n\n\n\n<h2 class=\"wp-block-heading\" id=\"h-radio-stars\">Radio-Stars<\/h2>\n\n\n\n<p>Inzwischen wurde auch ein Raum installiert, welcher sich mit Radios besch\u00e4ftigt. Dort k\u00f6nnen diese Ger\u00e4te auch wieder zum Teil in Funktion gesetzt werden. Komplettiert wurde der Raum mit einer kleinen, aber sehr exklusiven Ausstellung von BRAUN Audioger\u00e4ten.<\/p>\n\n\n\n<p>Inzwischen wird ein neuer Schwerpunkt in den Au\u00dfenbereich des Museums gesetzt. Es gibt bereits mehrere Uhren mit funktionierender Zeitanzeige an den Fassaden des Museums zu bestaunen.<\/p>\n\n\n\n<p>Ein Highlight ist sicherlich das weithin sichtbare Ziffernblatt an der Hausfassade von Fam. Kaiser, das mechanisch betrieben die aktuelle Zeit anzeigt \u2013 wobei die Mechanik in einer Glasvitrine verfolgt werden kann.<\/p>\n","protected":false},"excerpt":{"rendered":"<p>Die &#8222;Kaiser-Scheune&#8220; Der erste Museumsraum &#8211; quasi die Basis des Museums &#8211; entstand bereits im Jahr 2008. Dieser befindet sich &hellip; <\/p>\n","protected":false},"author":1,"featured_media":428,"parent":0,"menu_order":0,"comment_status":"closed","ping_status":"closed","template":"","meta":{"footnotes":""},"class_list":["post-87","page","type-page","status-publish","has-post-thumbnail","hentry","latest_post"],"yoast_head":"<!-- This site is optimized with the Yoast SEO Premium plugin v19.2.1 (Yoast SEO v27.5) - https:\/\/yoast.com\/product\/yoast-seo-premium-wordpress\/ -->\n<title>R\u00e4umlichkeiten &#8226; Museum Z\u2219e\u2219i\u2219t(T)r\u2219\u00e4\u2219u\u2219m\u2219e<\/title>\n<meta name=\"description\" content=\"Museum Z\u2219e\u2219i\u2219t(T)r\u2219\u00e4\u2219u\u2219m\u2219e R\u00e4umlichkeiten\" \/>\n<meta name=\"robots\" content=\"index, follow, max-snippet:-1, max-image-preview:large, max-video-preview:-1\" \/>\n<link rel=\"canonical\" href=\"https:\/\/museum-zeittraeume.de\/wp\/raeumlichkeiten\/\" \/>\n<meta property=\"og:locale\" content=\"de_DE\" \/>\n<meta property=\"og:type\" content=\"article\" \/>\n<meta property=\"og:title\" content=\"R\u00e4umlichkeiten\" \/>\n<meta property=\"og:description\" content=\"Museum Z\u2219e\u2219i\u2219t(T)r\u2219\u00e4\u2219u\u2219m\u2219e R\u00e4umlichkeiten\" \/>\n<meta property=\"og:url\" content=\"https:\/\/museum-zeittraeume.de\/wp\/raeumlichkeiten\/\" \/>\n<meta property=\"og:site_name\" content=\"Museum Z\u2219e\u2219i\u2219t(T)r\u2219\u00e4\u2219u\u2219m\u2219e\" \/>\n<meta property=\"article:publisher\" content=\"https:\/\/www.facebook.com\/zeittraeume\" \/>\n<meta property=\"article:modified_time\" content=\"2021-12-29T14:31:03+00:00\" \/>\n<meta property=\"og:image\" content=\"https:\/\/museum-zeittraeume.de\/wp-content\/uploads\/2021\/08\/Impressionen_2.jpg\" \/>\n\t<meta property=\"og:image:width\" content=\"1200\" \/>\n\t<meta property=\"og:image:height\" content=\"800\" \/>\n\t<meta property=\"og:image:type\" content=\"image\/jpeg\" \/>\n<meta name=\"twitter:card\" content=\"summary_large_image\" \/>\n<meta name=\"twitter:label1\" content=\"Gesch\u00e4tzte Lesezeit\" \/>\n\t<meta name=\"twitter:data1\" content=\"2\u00a0Minuten\" \/>\n<script type=\"application\/ld+json\" class=\"yoast-schema-graph\">{\"@context\":\"https:\\\/\\\/schema.org\",\"@graph\":[{\"@type\":\"WebPage\",\"@id\":\"https:\\\/\\\/museum-zeittraeume.de\\\/wp\\\/raeumlichkeiten\\\/\",\"url\":\"https:\\\/\\\/museum-zeittraeume.de\\\/wp\\\/raeumlichkeiten\\\/\",\"name\":\"R\u00e4umlichkeiten &#8226; Museum Z\u2219e\u2219i\u2219t(T)r\u2219\u00e4\u2219u\u2219m\u2219e\",\"isPartOf\":{\"@id\":\"https:\\\/\\\/museum-zeittraeume.de\\\/wp\\\/#website\"},\"primaryImageOfPage\":{\"@id\":\"https:\\\/\\\/museum-zeittraeume.de\\\/wp\\\/raeumlichkeiten\\\/#primaryimage\"},\"image\":{\"@id\":\"https:\\\/\\\/museum-zeittraeume.de\\\/wp\\\/raeumlichkeiten\\\/#primaryimage\"},\"thumbnailUrl\":\"https:\\\/\\\/museum-zeittraeume.de\\\/wp-content\\\/uploads\\\/2021\\\/08\\\/Impressionen_2.jpg\",\"datePublished\":\"2021-04-16T07:48:26+00:00\",\"dateModified\":\"2021-12-29T14:31:03+00:00\",\"description\":\"Museum Z\u2219e\u2219i\u2219t(T)r\u2219\u00e4\u2219u\u2219m\u2219e R\u00e4umlichkeiten\",\"breadcrumb\":{\"@id\":\"https:\\\/\\\/museum-zeittraeume.de\\\/wp\\\/raeumlichkeiten\\\/#breadcrumb\"},\"inLanguage\":\"de\",\"potentialAction\":[{\"@type\":\"ReadAction\",\"target\":[\"https:\\\/\\\/museum-zeittraeume.de\\\/wp\\\/raeumlichkeiten\\\/\"]}]},{\"@type\":\"ImageObject\",\"inLanguage\":\"de\",\"@id\":\"https:\\\/\\\/museum-zeittraeume.de\\\/wp\\\/raeumlichkeiten\\\/#primaryimage\",\"url\":\"https:\\\/\\\/museum-zeittraeume.de\\\/wp-content\\\/uploads\\\/2021\\\/08\\\/Impressionen_2.jpg\",\"contentUrl\":\"https:\\\/\\\/museum-zeittraeume.de\\\/wp-content\\\/uploads\\\/2021\\\/08\\\/Impressionen_2.jpg\",\"width\":1200,\"height\":800,\"caption\":\"Impressionen\"},{\"@type\":\"BreadcrumbList\",\"@id\":\"https:\\\/\\\/museum-zeittraeume.de\\\/wp\\\/raeumlichkeiten\\\/#breadcrumb\",\"itemListElement\":[{\"@type\":\"ListItem\",\"position\":1,\"name\":\"Startseite\",\"item\":\"https:\\\/\\\/museum-zeittraeume.de\\\/wp\\\/\"},{\"@type\":\"ListItem\",\"position\":2,\"name\":\"R\u00e4umlichkeiten\"}]},{\"@type\":\"WebSite\",\"@id\":\"https:\\\/\\\/museum-zeittraeume.de\\\/wp\\\/#website\",\"url\":\"https:\\\/\\\/museum-zeittraeume.de\\\/wp\\\/\",\"name\":\"Museum Z\u2219e\u2219i\u2219t(T)r\u2219\u00e4\u2219u\u2219m\u2219e\",\"description\":\"Museum f\u00fcr Uhren und mehr\",\"publisher\":{\"@id\":\"https:\\\/\\\/museum-zeittraeume.de\\\/wp\\\/#organization\"},\"potentialAction\":[{\"@type\":\"SearchAction\",\"target\":{\"@type\":\"EntryPoint\",\"urlTemplate\":\"https:\\\/\\\/museum-zeittraeume.de\\\/wp\\\/?s={search_term_string}\"},\"query-input\":{\"@type\":\"PropertyValueSpecification\",\"valueRequired\":true,\"valueName\":\"search_term_string\"}}],\"inLanguage\":\"de\"},{\"@type\":\"Organization\",\"@id\":\"https:\\\/\\\/museum-zeittraeume.de\\\/wp\\\/#organization\",\"name\":\"Museum Zeit(T)r\u00e4ume\",\"url\":\"https:\\\/\\\/museum-zeittraeume.de\\\/wp\\\/\",\"logo\":{\"@type\":\"ImageObject\",\"inLanguage\":\"de\",\"@id\":\"https:\\\/\\\/museum-zeittraeume.de\\\/wp\\\/#\\\/schema\\\/logo\\\/image\\\/\",\"url\":\"https:\\\/\\\/museum-zeittraeume.de\\\/wp-content\\\/uploads\\\/2021\\\/08\\\/mzt_logo_komplett.png\",\"contentUrl\":\"https:\\\/\\\/museum-zeittraeume.de\\\/wp-content\\\/uploads\\\/2021\\\/08\\\/mzt_logo_komplett.png\",\"width\":1200,\"height\":249,\"caption\":\"Museum Zeit(T)r\u00e4ume\"},\"image\":{\"@id\":\"https:\\\/\\\/museum-zeittraeume.de\\\/wp\\\/#\\\/schema\\\/logo\\\/image\\\/\"},\"sameAs\":[\"https:\\\/\\\/www.facebook.com\\\/zeittraeume\",\"https:\\\/\\\/www.instagram.com\\\/museumzeittraeume\\\/\"]}]}<\/script>\n<!-- \/ Yoast SEO Premium plugin. -->","yoast_head_json":{"title":"R\u00e4umlichkeiten &#8226; Museum Z\u2219e\u2219i\u2219t(T)r\u2219\u00e4\u2219u\u2219m\u2219e","description":"Museum Z\u2219e\u2219i\u2219t(T)r\u2219\u00e4\u2219u\u2219m\u2219e R\u00e4umlichkeiten","robots":{"index":"index","follow":"follow","max-snippet":"max-snippet:-1","max-image-preview":"max-image-preview:large","max-video-preview":"max-video-preview:-1"},"canonical":"https:\/\/museum-zeittraeume.de\/wp\/raeumlichkeiten\/","og_locale":"de_DE","og_type":"article","og_title":"R\u00e4umlichkeiten","og_description":"Museum Z\u2219e\u2219i\u2219t(T)r\u2219\u00e4\u2219u\u2219m\u2219e R\u00e4umlichkeiten","og_url":"https:\/\/museum-zeittraeume.de\/wp\/raeumlichkeiten\/","og_site_name":"Museum Z\u2219e\u2219i\u2219t(T)r\u2219\u00e4\u2219u\u2219m\u2219e","article_publisher":"https:\/\/www.facebook.com\/zeittraeume","article_modified_time":"2021-12-29T14:31:03+00:00","og_image":[{"width":1200,"height":800,"url":"https:\/\/museum-zeittraeume.de\/wp-content\/uploads\/2021\/08\/Impressionen_2.jpg","type":"image\/jpeg"}],"twitter_card":"summary_large_image","twitter_misc":{"Gesch\u00e4tzte Lesezeit":"2\u00a0Minuten"},"schema":{"@context":"https:\/\/schema.org","@graph":[{"@type":"WebPage","@id":"https:\/\/museum-zeittraeume.de\/wp\/raeumlichkeiten\/","url":"https:\/\/museum-zeittraeume.de\/wp\/raeumlichkeiten\/","name":"R\u00e4umlichkeiten &#8226; Museum Z\u2219e\u2219i\u2219t(T)r\u2219\u00e4\u2219u\u2219m\u2219e","isPartOf":{"@id":"https:\/\/museum-zeittraeume.de\/wp\/#website"},"primaryImageOfPage":{"@id":"https:\/\/museum-zeittraeume.de\/wp\/raeumlichkeiten\/#primaryimage"},"image":{"@id":"https:\/\/museum-zeittraeume.de\/wp\/raeumlichkeiten\/#primaryimage"},"thumbnailUrl":"https:\/\/museum-zeittraeume.de\/wp-content\/uploads\/2021\/08\/Impressionen_2.jpg","datePublished":"2021-04-16T07:48:26+00:00","dateModified":"2021-12-29T14:31:03+00:00","description":"Museum Z\u2219e\u2219i\u2219t(T)r\u2219\u00e4\u2219u\u2219m\u2219e R\u00e4umlichkeiten","breadcrumb":{"@id":"https:\/\/museum-zeittraeume.de\/wp\/raeumlichkeiten\/#breadcrumb"},"inLanguage":"de","potentialAction":[{"@type":"ReadAction","target":["https:\/\/museum-zeittraeume.de\/wp\/raeumlichkeiten\/"]}]},{"@type":"ImageObject","inLanguage":"de","@id":"https:\/\/museum-zeittraeume.de\/wp\/raeumlichkeiten\/#primaryimage","url":"https:\/\/museum-zeittraeume.de\/wp-content\/uploads\/2021\/08\/Impressionen_2.jpg","contentUrl":"https:\/\/museum-zeittraeume.de\/wp-content\/uploads\/2021\/08\/Impressionen_2.jpg","width":1200,"height":800,"caption":"Impressionen"},{"@type":"BreadcrumbList","@id":"https:\/\/museum-zeittraeume.de\/wp\/raeumlichkeiten\/#breadcrumb","itemListElement":[{"@type":"ListItem","position":1,"name":"Startseite","item":"https:\/\/museum-zeittraeume.de\/wp\/"},{"@type":"ListItem","position":2,"name":"R\u00e4umlichkeiten"}]},{"@type":"WebSite","@id":"https:\/\/museum-zeittraeume.de\/wp\/#website","url":"https:\/\/museum-zeittraeume.de\/wp\/","name":"Museum Z\u2219e\u2219i\u2219t(T)r\u2219\u00e4\u2219u\u2219m\u2219e","description":"Museum f\u00fcr Uhren und mehr","publisher":{"@id":"https:\/\/museum-zeittraeume.de\/wp\/#organization"},"potentialAction":[{"@type":"SearchAction","target":{"@type":"EntryPoint","urlTemplate":"https:\/\/museum-zeittraeume.de\/wp\/?s={search_term_string}"},"query-input":{"@type":"PropertyValueSpecification","valueRequired":true,"valueName":"search_term_string"}}],"inLanguage":"de"},{"@type":"Organization","@id":"https:\/\/museum-zeittraeume.de\/wp\/#organization","name":"Museum Zeit(T)r\u00e4ume","url":"https:\/\/museum-zeittraeume.de\/wp\/","logo":{"@type":"ImageObject","inLanguage":"de","@id":"https:\/\/museum-zeittraeume.de\/wp\/#\/schema\/logo\/image\/","url":"https:\/\/museum-zeittraeume.de\/wp-content\/uploads\/2021\/08\/mzt_logo_komplett.png","contentUrl":"https:\/\/museum-zeittraeume.de\/wp-content\/uploads\/2021\/08\/mzt_logo_komplett.png","width":1200,"height":249,"caption":"Museum Zeit(T)r\u00e4ume"},"image":{"@id":"https:\/\/museum-zeittraeume.de\/wp\/#\/schema\/logo\/image\/"},"sameAs":["https:\/\/www.facebook.com\/zeittraeume","https:\/\/www.instagram.com\/museumzeittraeume\/"]}]}},"_links":{"self":[{"href":"https:\/\/museum-zeittraeume.de\/wp\/wp-json\/wp\/v2\/pages\/87","targetHints":{"allow":["GET"]}}],"collection":[{"href":"https:\/\/museum-zeittraeume.de\/wp\/wp-json\/wp\/v2\/pages"}],"about":[{"href":"https:\/\/museum-zeittraeume.de\/wp\/wp-json\/wp\/v2\/types\/page"}],"author":[{"embeddable":true,"href":"https:\/\/museum-zeittraeume.de\/wp\/wp-json\/wp\/v2\/users\/1"}],"replies":[{"embeddable":true,"href":"https:\/\/museum-zeittraeume.de\/wp\/wp-json\/wp\/v2\/comments?post=87"}],"version-history":[{"count":4,"href":"https:\/\/museum-zeittraeume.de\/wp\/wp-json\/wp\/v2\/pages\/87\/revisions"}],"predecessor-version":[{"id":1372,"href":"https:\/\/museum-zeittraeume.de\/wp\/wp-json\/wp\/v2\/pages\/87\/revisions\/1372"}],"wp:featuredmedia":[{"embeddable":true,"href":"https:\/\/museum-zeittraeume.de\/wp\/wp-json\/wp\/v2\/media\/428"}],"wp:attachment":[{"href":"https:\/\/museum-zeittraeume.de\/wp\/wp-json\/wp\/v2\/media?parent=87"}],"curies":[{"name":"wp","href":"https:\/\/api.w.org\/{rel}","templated":true}]}}